{"id":37,"date":"2025-11-28T00:33:04","date_gmt":"2025-11-27T23:33:04","guid":{"rendered":"https:\/\/www.mudanzasenlimaperu.com\/?page_id=37"},"modified":"2025-12-17T23:18:59","modified_gmt":"2025-12-17T22:18:59","slug":"transporte-de-carga-pesada-y-comercial","status":"publish","type":"page","link":"https:\/\/www.mudanzasenlimaperu.com\/?page_id=37","title":{"rendered":"Transporte de Carga Pesada y Comercial"},"content":{"rendered":"\n<div class=\"wp-block-cover\"><img loading=\"lazy\" decoding=\"async\" width=\"800\" height=\"500\" class=\"wp-block-cover__image-background wp-image-21 size-full\" alt=\"\" src=\"https:\/\/www.mudanzasenlimaperu.com\/wp-content\/uploads\/2025\/11\/Sin-titulo-68.jpg\" data-object-fit=\"cover\" srcset=\"https:\/\/www.mudanzasenlimaperu.com\/wp-content\/uploads\/2025\/11\/Sin-titulo-68.jpg 800w, https:\/\/www.mudanzasenlimaperu.com\/wp-content\/uploads\/2025\/11\/Sin-titulo-68-300x188.jpg 300w, https:\/\/www.mudanzasenlimaperu.com\/wp-content\/uploads\/2025\/11\/Sin-titulo-68-768x480.jpg 768w\" sizes=\"auto, (max-width: 800px) 100vw, 800px\" \/><span aria-hidden=\"true\" class=\"wp-block-cover__background has-foreground-background-color has-background-dim-80 has-background-dim\"><\/span><div class=\"wp-block-cover__inner-container is-layout-constrained wp-block-cover-is-layout-constrained\">\n<p class=\"has-text-align-center\">Potencia Log\u00edstica a tu Servicio.<\/p>\n\n\n\n<p class=\"has-text-align-center\" style=\"font-size:16px\">Movilizamos tu maquinaria y equipos voluminosos con flota especializada, seguridad y estricto cumplimiento normativo<\/p>\n\n\n\n<div class=\"wp-block-buttons is-content-justification-center is-layout-flex wp-container-core-buttons-is-layout-a89b3969 wp-block-buttons-is-layout-flex\">\n<div class=\"wp-block-button is-style-fill\"><a class=\"wp-block-button__link has-blush-bordeaux-gradient-background has-background wp-element-button\" href=\"https:\/\/wa.link\/kgoey6\" style=\"border-style:none;border-width:0px;border-radius:0px;padding-top:var(--wp--preset--spacing--20);padding-right:var(--wp--preset--spacing--20);padding-bottom:var(--wp--preset--spacing--20);padding-left:var(--wp--preset--spacing--20)\">\u200b\u00a1Solicite su Cotizaci\u00f3n Ahora!<\/a><\/div>\n<\/div>\n<\/div><\/div>\n\n\n\n<div class=\"wp-block-columns is-layout-flex wp-container-core-columns-is-layout-28f84493 wp-block-columns-is-layout-flex\">\n<div class=\"wp-block-column is-layout-flow wp-block-column-is-layout-flow\">\n<h2 class=\"wp-block-heading has-text-align-center\" style=\"font-size:16px\">\u200b 13 A\u00f1os de Trayectoria en Log\u00edstica y Transporte<\/h2>\n\n\n\n<p class=\"has-text-align-center\" style=\"font-size:16px\">\u200bCon m\u00e1s de 13 a\u00f1os de experiencia comprobada en el sector, hemos consolidado nuestro liderazgo en el transporte de carga pesada y log\u00edstica comercial. Nuestra trayectoria es el reflejo de miles de movimientos exitosos, lo que nos permite ofrecer una potencia log\u00edstica inigualable basada en el conocimiento profundo de las necesidades de nuestros clientes \u200bA lo largo de estos a\u00f1os, hemos perfeccionado la gesti\u00f3n de<\/p>\n<\/div>\n\n\n\n<div class=\"wp-block-column is-layout-flow wp-block-column-is-layout-flow\">\n<h2 class=\"wp-block-heading has-text-align-center\" style=\"font-size:16px\">Log\u00edstica Comercial:<\/h2>\n\n\n\n<p class=\"has-text-align-center\" style=\"font-size:16px\">Asegurando la agilidad y eficiencia en el traslado de mercanc\u00eda de 2 y 6 toneladas, clave para la continuidad de su negocio.<\/p>\n<\/div>\n\n\n\n<div class=\"wp-block-column is-layout-flow wp-block-column-is-layout-flow\">\n<h2 class=\"wp-block-heading has-text-align-center\" style=\"font-size:16px\">\u200bCarga Pesada y Voluminosa<\/h2>\n\n\n\n<p class=\"has-text-align-center\" style=\"font-size:16px\">Manejando maquinaria y equipos complejos con la flota m\u00e1s especializada, un r\u00e9cord de seguridad intachable y el estricto cumplimiento normativo que solo 13 a\u00f1os de operaci\u00f3n constante pueden garantizar.<\/p>\n\n\n\n<p class=\"has-text-align-center\">Elegirnos es optar por la experiencia, la confiabilidad y el compromiso de un socio que ha superado los desaf\u00edos del transporte durante m\u00e1s de una d\u00e9cada.<\/p>\n<\/div>\n<\/div>\n\n\n\n<h2 class=\"wp-block-heading has-text-align-center\" style=\"font-size:16px\">\u200bNuestra Flota: La Capacidad y la Seguridad en Im\u00e1genes<\/h2>\n\n\n\n<p class=\"has-text-align-center\">\u200bNuestra flota moderna y especializada (2T y 6T) es su garant\u00eda de seguridad y capacidad, respaldada por 13 a\u00f1os de experiencia y tecnolog\u00eda de monitoreo.<\/p>\n\n\n\n<figure class=\"wp-block-gallery has-nested-images columns-default is-cropped wp-block-gallery-1 is-layout-flex wp-block-gallery-is-layout-flex\">\n<figure class=\"wp-block-image size-large\"><img loading=\"lazy\" decoding=\"async\" width=\"495\" height=\"457\" data-id=\"163\" src=\"https:\/\/www.mudanzasenlimaperu.com\/wp-content\/uploads\/2025\/11\/Sin-titulo-108.jpg\" alt=\"\" class=\"wp-image-163\" srcset=\"https:\/\/www.mudanzasenlimaperu.com\/wp-content\/uploads\/2025\/11\/Sin-titulo-108.jpg 495w, https:\/\/www.mudanzasenlimaperu.com\/wp-content\/uploads\/2025\/11\/Sin-titulo-108-300x277.jpg 300w\" sizes=\"auto, (max-width: 495px) 100vw, 495px\" \/><\/figure>\n\n\n\n<figure class=\"wp-block-image size-large\"><img loading=\"lazy\" decoding=\"async\" width=\"225\" height=\"300\" data-id=\"164\" src=\"https:\/\/www.mudanzasenlimaperu.com\/wp-content\/uploads\/2025\/11\/Sin-titulo-112.jpg\" alt=\"\" class=\"wp-image-164\"\/><\/figure>\n\n\n\n<figure class=\"wp-block-image size-large\"><img loading=\"lazy\" decoding=\"async\" width=\"318\" height=\"309\" data-id=\"165\" src=\"https:\/\/www.mudanzasenlimaperu.com\/wp-content\/uploads\/2025\/11\/THI.jpg\" alt=\"\" class=\"wp-image-165\" srcset=\"https:\/\/www.mudanzasenlimaperu.com\/wp-content\/uploads\/2025\/11\/THI.jpg 318w, https:\/\/www.mudanzasenlimaperu.com\/wp-content\/uploads\/2025\/11\/THI-300x292.jpg 300w\" sizes=\"auto, (max-width: 318px) 100vw, 318px\" \/><\/figure>\n\n\n\n<figure class=\"wp-block-image size-large\"><img loading=\"lazy\" decoding=\"async\" width=\"777\" height=\"903\" data-id=\"152\" src=\"https:\/\/www.mudanzasenlimaperu.com\/wp-content\/uploads\/2025\/11\/manino.jpg\" alt=\"\" class=\"wp-image-152\" srcset=\"https:\/\/www.mudanzasenlimaperu.com\/wp-content\/uploads\/2025\/11\/manino.jpg 777w, https:\/\/www.mudanzasenlimaperu.com\/wp-content\/uploads\/2025\/11\/manino-258x300.jpg 258w, https:\/\/www.mudanzasenlimaperu.com\/wp-content\/uploads\/2025\/11\/manino-768x893.jpg 768w\" sizes=\"auto, (max-width: 777px) 100vw, 777px\" \/><\/figure>\n\n\n\n<figure class=\"wp-block-image size-large\"><img loading=\"lazy\" decoding=\"async\" width=\"557\" height=\"535\" data-id=\"120\" src=\"https:\/\/www.mudanzasenlimaperu.com\/wp-content\/uploads\/2025\/11\/Sin-titulo-115.jpg\" alt=\"\" class=\"wp-image-120\" srcset=\"https:\/\/www.mudanzasenlimaperu.com\/wp-content\/uploads\/2025\/11\/Sin-titulo-115.jpg 557w, https:\/\/www.mudanzasenlimaperu.com\/wp-content\/uploads\/2025\/11\/Sin-titulo-115-300x288.jpg 300w\" sizes=\"auto, (max-width: 557px) 100vw, 557px\" \/><\/figure>\n<\/figure>\n","protected":false},"excerpt":{"rendered":"<p>\u200b 13 A\u00f1os de Trayectoria en Log\u00edstica y Transporte \u200bCon m\u00e1s de 13 a\u00f1os de [&hellip;]<\/p>\n","protected":false},"author":1,"featured_media":0,"parent":0,"menu_order":0,"comment_status":"closed","ping_status":"closed","template":"","meta":{"_joinchat":[],"footnotes":""},"class_list":["post-37","page","type-page","status-publish","hentry"],"yoast_head":"<!-- This site is optimized with the Yoast SEO plugin v27.3 - https:\/\/yoast.com\/product\/yoast-seo-wordpress\/ -->\n<title>Transporte de Carga Pesada y Comercial - Mudanzas en Lima Per&uacute;<\/title>\n<meta name=\"description\" content=\"\u200bTransporte de Carga Pesada en Lima. Servicio log\u00edstico profesional para maquinaria, equipos y carga comercial de gran volumen. \u00a1cotiza hoy!\" \/>\n<meta name=\"robots\" content=\"index, follow, max-snippet:-1, max-image-preview:large, max-video-preview:-1\" \/>\n<link rel=\"canonical\" href=\"https:\/\/www.mudanzasenlimaperu.com\/?page_id=37\" \/>\n<meta property=\"og:locale\" content=\"es_ES\" \/>\n<meta property=\"og:type\" content=\"article\" \/>\n<meta property=\"og:title\" content=\"Transporte de Carga Pesada y Comercial - Mudanzas en Lima Per&uacute;\" \/>\n<meta property=\"og:description\" content=\"\u200bTransporte de Carga Pesada en Lima. Servicio log\u00edstico profesional para maquinaria, equipos y carga comercial de gran volumen. \u00a1cotiza hoy!\" \/>\n<meta property=\"og:url\" content=\"https:\/\/www.mudanzasenlimaperu.com\/?page_id=37\" \/>\n<meta property=\"og:site_name\" content=\"Mudanzas en Lima Per&uacute;\" \/>\n<meta property=\"article:modified_time\" content=\"2025-12-17T22:18:59+00:00\" \/>\n<meta property=\"og:image\" content=\"https:\/\/www.mudanzasenlimaperu.com\/wp-content\/uploads\/2025\/11\/Sin-titulo-68.jpg\" \/>\n\t<meta property=\"og:image:width\" content=\"800\" \/>\n\t<meta property=\"og:image:height\" content=\"500\" \/>\n\t<meta property=\"og:image:type\" content=\"image\/jpeg\" \/>\n<meta name=\"twitter:card\" content=\"summary_large_image\" \/>\n<meta name=\"twitter:label1\" content=\"Tiempo de lectura\" \/>\n\t<meta name=\"twitter:data1\" content=\"3 minutos\" \/>\n<script type=\"application\/ld+json\" class=\"yoast-schema-graph\">{\"@context\":\"https:\\\/\\\/schema.org\",\"@graph\":[{\"@type\":\"WebPage\",\"@id\":\"https:\\\/\\\/www.mudanzasenlimaperu.com\\\/?page_id=37\",\"url\":\"https:\\\/\\\/www.mudanzasenlimaperu.com\\\/?page_id=37\",\"name\":\"Transporte de Carga Pesada y Comercial - Mudanzas en Lima Per&uacute;\",\"isPartOf\":{\"@id\":\"https:\\\/\\\/www.mudanzasenlimaperu.com\\\/#website\"},\"primaryImageOfPage\":{\"@id\":\"https:\\\/\\\/www.mudanzasenlimaperu.com\\\/?page_id=37#primaryimage\"},\"image\":{\"@id\":\"https:\\\/\\\/www.mudanzasenlimaperu.com\\\/?page_id=37#primaryimage\"},\"thumbnailUrl\":\"https:\\\/\\\/www.mudanzasenlimaperu.com\\\/wp-content\\\/uploads\\\/2025\\\/11\\\/Sin-titulo-68.jpg\",\"datePublished\":\"2025-11-27T23:33:04+00:00\",\"dateModified\":\"2025-12-17T22:18:59+00:00\",\"description\":\"\u200bTransporte de Carga Pesada en Lima. Servicio log\u00edstico profesional para maquinaria, equipos y carga comercial de gran volumen. \u00a1cotiza hoy!\",\"breadcrumb\":{\"@id\":\"https:\\\/\\\/www.mudanzasenlimaperu.com\\\/?page_id=37#breadcrumb\"},\"inLanguage\":\"es\",\"potentialAction\":[{\"@type\":\"ReadAction\",\"target\":[\"https:\\\/\\\/www.mudanzasenlimaperu.com\\\/?page_id=37\"]}]},{\"@type\":\"ImageObject\",\"inLanguage\":\"es\",\"@id\":\"https:\\\/\\\/www.mudanzasenlimaperu.com\\\/?page_id=37#primaryimage\",\"url\":\"https:\\\/\\\/www.mudanzasenlimaperu.com\\\/wp-content\\\/uploads\\\/2025\\\/11\\\/Sin-titulo-68.jpg\",\"contentUrl\":\"https:\\\/\\\/www.mudanzasenlimaperu.com\\\/wp-content\\\/uploads\\\/2025\\\/11\\\/Sin-titulo-68.jpg\",\"width\":800,\"height\":500},{\"@type\":\"BreadcrumbList\",\"@id\":\"https:\\\/\\\/www.mudanzasenlimaperu.com\\\/?page_id=37#breadcrumb\",\"itemListElement\":[{\"@type\":\"ListItem\",\"position\":1,\"name\":\"Portada\",\"item\":\"https:\\\/\\\/www.mudanzasenlimaperu.com\\\/\"},{\"@type\":\"ListItem\",\"position\":2,\"name\":\"Transporte de Carga Pesada y Comercial\"}]},{\"@type\":\"WebSite\",\"@id\":\"https:\\\/\\\/www.mudanzasenlimaperu.com\\\/#website\",\"url\":\"https:\\\/\\\/www.mudanzasenlimaperu.com\\\/\",\"name\":\"Mudanzas en Lima Per&uacute;\",\"description\":\"\",\"potentialAction\":[{\"@type\":\"SearchAction\",\"target\":{\"@type\":\"EntryPoint\",\"urlTemplate\":\"https:\\\/\\\/www.mudanzasenlimaperu.com\\\/?s={search_term_string}\"},\"query-input\":{\"@type\":\"PropertyValueSpecification\",\"valueRequired\":true,\"valueName\":\"search_term_string\"}}],\"inLanguage\":\"es\"}]}<\/script>\n<!-- \/ Yoast SEO plugin. -->","yoast_head_json":{"title":"Transporte de Carga Pesada y Comercial - Mudanzas en Lima Per&uacute;","description":"\u200bTransporte de Carga Pesada en Lima. Servicio log\u00edstico profesional para maquinaria, equipos y carga comercial de gran volumen. \u00a1cotiza hoy!","robots":{"index":"index","follow":"follow","max-snippet":"max-snippet:-1","max-image-preview":"max-image-preview:large","max-video-preview":"max-video-preview:-1"},"canonical":"https:\/\/www.mudanzasenlimaperu.com\/?page_id=37","og_locale":"es_ES","og_type":"article","og_title":"Transporte de Carga Pesada y Comercial - Mudanzas en Lima Per&uacute;","og_description":"\u200bTransporte de Carga Pesada en Lima. Servicio log\u00edstico profesional para maquinaria, equipos y carga comercial de gran volumen. \u00a1cotiza hoy!","og_url":"https:\/\/www.mudanzasenlimaperu.com\/?page_id=37","og_site_name":"Mudanzas en Lima Per&uacute;","article_modified_time":"2025-12-17T22:18:59+00:00","og_image":[{"width":800,"height":500,"url":"https:\/\/www.mudanzasenlimaperu.com\/wp-content\/uploads\/2025\/11\/Sin-titulo-68.jpg","type":"image\/jpeg"}],"twitter_card":"summary_large_image","twitter_misc":{"Tiempo de lectura":"3 minutos"},"schema":{"@context":"https:\/\/schema.org","@graph":[{"@type":"WebPage","@id":"https:\/\/www.mudanzasenlimaperu.com\/?page_id=37","url":"https:\/\/www.mudanzasenlimaperu.com\/?page_id=37","name":"Transporte de Carga Pesada y Comercial - Mudanzas en Lima Per&uacute;","isPartOf":{"@id":"https:\/\/www.mudanzasenlimaperu.com\/#website"},"primaryImageOfPage":{"@id":"https:\/\/www.mudanzasenlimaperu.com\/?page_id=37#primaryimage"},"image":{"@id":"https:\/\/www.mudanzasenlimaperu.com\/?page_id=37#primaryimage"},"thumbnailUrl":"https:\/\/www.mudanzasenlimaperu.com\/wp-content\/uploads\/2025\/11\/Sin-titulo-68.jpg","datePublished":"2025-11-27T23:33:04+00:00","dateModified":"2025-12-17T22:18:59+00:00","description":"\u200bTransporte de Carga Pesada en Lima. Servicio log\u00edstico profesional para maquinaria, equipos y carga comercial de gran volumen. \u00a1cotiza hoy!","breadcrumb":{"@id":"https:\/\/www.mudanzasenlimaperu.com\/?page_id=37#breadcrumb"},"inLanguage":"es","potentialAction":[{"@type":"ReadAction","target":["https:\/\/www.mudanzasenlimaperu.com\/?page_id=37"]}]},{"@type":"ImageObject","inLanguage":"es","@id":"https:\/\/www.mudanzasenlimaperu.com\/?page_id=37#primaryimage","url":"https:\/\/www.mudanzasenlimaperu.com\/wp-content\/uploads\/2025\/11\/Sin-titulo-68.jpg","contentUrl":"https:\/\/www.mudanzasenlimaperu.com\/wp-content\/uploads\/2025\/11\/Sin-titulo-68.jpg","width":800,"height":500},{"@type":"BreadcrumbList","@id":"https:\/\/www.mudanzasenlimaperu.com\/?page_id=37#breadcrumb","itemListElement":[{"@type":"ListItem","position":1,"name":"Portada","item":"https:\/\/www.mudanzasenlimaperu.com\/"},{"@type":"ListItem","position":2,"name":"Transporte de Carga Pesada y Comercial"}]},{"@type":"WebSite","@id":"https:\/\/www.mudanzasenlimaperu.com\/#website","url":"https:\/\/www.mudanzasenlimaperu.com\/","name":"Mudanzas en Lima Per&uacute;","description":"","potentialAction":[{"@type":"SearchAction","target":{"@type":"EntryPoint","urlTemplate":"https:\/\/www.mudanzasenlimaperu.com\/?s={search_term_string}"},"query-input":{"@type":"PropertyValueSpecification","valueRequired":true,"valueName":"search_term_string"}}],"inLanguage":"es"}]}},"_links":{"self":[{"href":"https:\/\/www.mudanzasenlimaperu.com\/index.php?rest_route=\/wp\/v2\/pages\/37","targetHints":{"allow":["GET"]}}],"collection":[{"href":"https:\/\/www.mudanzasenlimaperu.com\/index.php?rest_route=\/wp\/v2\/pages"}],"about":[{"href":"https:\/\/www.mudanzasenlimaperu.com\/index.php?rest_route=\/wp\/v2\/types\/page"}],"author":[{"embeddable":true,"href":"https:\/\/www.mudanzasenlimaperu.com\/index.php?rest_route=\/wp\/v2\/users\/1"}],"replies":[{"embeddable":true,"href":"https:\/\/www.mudanzasenlimaperu.com\/index.php?rest_route=%2Fwp%2Fv2%2Fcomments&post=37"}],"version-history":[{"count":10,"href":"https:\/\/www.mudanzasenlimaperu.com\/index.php?rest_route=\/wp\/v2\/pages\/37\/revisions"}],"predecessor-version":[{"id":578,"href":"https:\/\/www.mudanzasenlimaperu.com\/index.php?rest_route=\/wp\/v2\/pages\/37\/revisions\/578"}],"wp:attachment":[{"href":"https:\/\/www.mudanzasenlimaperu.com\/index.php?rest_route=%2Fwp%2Fv2%2Fmedia&parent=37"}],"curies":[{"name":"wp","href":"https:\/\/api.w.org\/{rel}","templated":true}]}}