{"id":39,"date":"2025-11-28T00:34:37","date_gmt":"2025-11-27T23:34:37","guid":{"rendered":"https:\/\/www.mudanzasenlimaperu.com\/?page_id=39"},"modified":"2026-03-10T05:13:51","modified_gmt":"2026-03-10T04:13:51","slug":"mini-mudanzas-y-taxi-carga","status":"publish","type":"page","link":"https:\/\/www.mudanzasenlimaperu.com\/?page_id=39","title":{"rendered":"Mini Mudanza y taxi carga express"},"content":{"rendered":"\n<div class=\"wp-block-cover\" style=\"min-height:465px;aspect-ratio:unset;\"><img loading=\"lazy\" decoding=\"async\" width=\"927\" height=\"672\" class=\"wp-block-cover__image-background wp-image-64 size-full\" alt=\"\" src=\"https:\/\/www.mudanzasenlimaperu.com\/wp-content\/uploads\/2025\/11\/Sin-memo-1.jpg\" style=\"object-position:30% 54%\" data-object-fit=\"cover\" data-object-position=\"30% 54%\" srcset=\"https:\/\/www.mudanzasenlimaperu.com\/wp-content\/uploads\/2025\/11\/Sin-memo-1.jpg 927w, https:\/\/www.mudanzasenlimaperu.com\/wp-content\/uploads\/2025\/11\/Sin-memo-1-300x217.jpg 300w, https:\/\/www.mudanzasenlimaperu.com\/wp-content\/uploads\/2025\/11\/Sin-memo-1-768x557.jpg 768w\" sizes=\"auto, (max-width: 927px) 100vw, 927px\" \/><span aria-hidden=\"true\" class=\"wp-block-cover__background has-foreground-background-color has-background-dim-80 has-background-dim\"><\/span><div class=\"wp-block-cover__inner-container is-layout-constrained wp-block-cover-is-layout-constrained\">\n<div class=\"wp-block-columns is-layout-flex wp-container-core-columns-is-layout-28f84493 wp-block-columns-is-layout-flex\">\n<div class=\"wp-block-column is-layout-flow wp-block-column-is-layout-flow\" style=\"flex-basis:25%\"><\/div>\n\n\n\n<div class=\"wp-block-column is-layout-flow wp-block-column-is-layout-flow\" style=\"flex-basis:50%\">\n<h2 class=\"wp-block-heading has-text-align-center has-text-color has-link-color wp-elements-cc32d668e5a135b4e4af3792b62f9e61\" style=\"color:#fff9f9f2;font-size:20px\">Tu Soluci\u00f3n Expr\u00e9s para Traslados Ligeros<br>en las Mejores Zonas de Lima<\/h2>\n\n\n\n<p class=\"has-text-align-center has-text-color has-link-color wp-elements-43283d387133db3219f480e1db85e5d7\" style=\"color:#ffffffba;font-size:14px\">Reserva tu Mini Mudanza Express: el servicio ideal y preciso para mini departamentos o el traslado de hasta 5 muebles grandes. \u00bfNecesitas llevar solo art\u00edculos sueltos o las compras de muebles\/electrodom\u00e9sticos? \u00a1Utiliza nuestro Taxi Carga! Ofrecemos veh\u00edculos tipo pickup y furgoneta, seguros y con tarifas flexibles para cualquier necesidad de traslado ligero.<\/p>\n\n\n\n<div class=\"wp-block-buttons is-content-justification-center is-layout-flex wp-container-core-buttons-is-layout-a89b3969 wp-block-buttons-is-layout-flex\">\n<div class=\"wp-block-button\"><a class=\"wp-block-button__link has-blush-bordeaux-gradient-background has-background wp-element-button\" href=\"https:\/\/wa.link\/7tq4yw\">\u00a1COTIZA TU SERVICIO AL INSTANTE! <\/a><\/div>\n<\/div>\n<\/div>\n\n\n\n<div class=\"wp-block-column is-layout-flow wp-block-column-is-layout-flow\" style=\"flex-basis:25%\"><\/div>\n<\/div>\n<\/div><\/div>\n\n\n\n<h4 class=\"wp-block-heading has-text-align-center has-background\" style=\"background-color:#08000005;font-size:16px\">MINI MUDANZA Y TAXI CARGA  EN LIMA<\/h4>\n\n\n\n<p class=\"has-text-align-center has-foreground-color has-text-color has-link-color wp-elements-fcf49ebf4d310245d857e837da0b211c\" style=\"font-size:15px\">\u200bSomos especialistas en traslados de volumen ligero, r\u00e1pidos y seguros. Nuestra soluci\u00f3n est\u00e1 dise\u00f1ada para atender Mini Mudanzas planificadas de departamentos, oficinas peque\u00f1as o para el traslado de pocos art\u00edculos grandes. Ofrecemos trato profesional, m\u00e1xima puntualidad y costo sin sorpresas.<\/p>\n\n\n\n<div class=\"wp-block-columns is-layout-flex wp-container-core-columns-is-layout-28f84493 wp-block-columns-is-layout-flex\">\n<div class=\"wp-block-column is-layout-flow wp-block-column-is-layout-flow\">\n<h2 class=\"wp-block-heading has-text-align-center\">Mini Mudanzas<\/h2>\n\n\n\n<figure class=\"wp-block-image aligncenter size-full is-resized\"><img loading=\"lazy\" decoding=\"async\" width=\"476\" height=\"309\" src=\"https:\/\/www.mudanzasenlimaperu.com\/wp-content\/uploads\/2025\/11\/jtp-66-4.jpg\" alt=\"\" class=\"wp-image-48\" style=\"width:478px;height:auto\" srcset=\"https:\/\/www.mudanzasenlimaperu.com\/wp-content\/uploads\/2025\/11\/jtp-66-4.jpg 476w, https:\/\/www.mudanzasenlimaperu.com\/wp-content\/uploads\/2025\/11\/jtp-66-4-300x195.jpg 300w\" sizes=\"auto, (max-width: 476px) 100vw, 476px\" \/><\/figure>\n\n\n\n<ul class=\"wp-block-social-links aligncenter has-visible-labels has-icon-color is-style-logos-only is-layout-flex wp-block-social-links-is-layout-flex\" style=\"margin-top:0;margin-right:var(--wp--preset--spacing--80);margin-bottom:0;margin-left:var(--wp--preset--spacing--80)\"><li style=\"color:#cf2e2e;\" class=\"wp-social-link wp-social-link-whatsapp has-vivid-red-color wp-block-social-link\"><a href=\"https:\/\/wa.link\/7tq4yw\" class=\"wp-block-social-link-anchor\"><svg width=\"24\" height=\"24\" viewBox=\"0 0 24 24\" version=\"1.1\" xmlns=\"http:\/\/www.w3.org\/2000\/svg\" aria-hidden=\"true\" focusable=\"false\"><path d=\"M 12.011719 2 C 6.5057187 2 2.0234844 6.478375 2.0214844 11.984375 C 2.0204844 13.744375 2.4814687 15.462563 3.3554688 16.976562 L 2 22 L 7.2324219 20.763672 C 8.6914219 21.559672 10.333859 21.977516 12.005859 21.978516 L 12.009766 21.978516 C 17.514766 21.978516 21.995047 17.499141 21.998047 11.994141 C 22.000047 9.3251406 20.962172 6.8157344 19.076172 4.9277344 C 17.190172 3.0407344 14.683719 2.001 12.011719 2 z M 12.009766 4 C 14.145766 4.001 16.153109 4.8337969 17.662109 6.3417969 C 19.171109 7.8517969 20.000047 9.8581875 19.998047 11.992188 C 19.996047 16.396187 16.413812 19.978516 12.007812 19.978516 C 10.674812 19.977516 9.3544062 19.642812 8.1914062 19.007812 L 7.5175781 18.640625 L 6.7734375 18.816406 L 4.8046875 19.28125 L 5.2851562 17.496094 L 5.5019531 16.695312 L 5.0878906 15.976562 C 4.3898906 14.768562 4.0204844 13.387375 4.0214844 11.984375 C 4.0234844 7.582375 7.6067656 4 12.009766 4 z M 8.4765625 7.375 C 8.3095625 7.375 8.0395469 7.4375 7.8105469 7.6875 C 7.5815469 7.9365 6.9355469 8.5395781 6.9355469 9.7675781 C 6.9355469 10.995578 7.8300781 12.182609 7.9550781 12.349609 C 8.0790781 12.515609 9.68175 15.115234 12.21875 16.115234 C 14.32675 16.946234 14.754891 16.782234 15.212891 16.740234 C 15.670891 16.699234 16.690438 16.137687 16.898438 15.554688 C 17.106437 14.971687 17.106922 14.470187 17.044922 14.367188 C 16.982922 14.263188 16.816406 14.201172 16.566406 14.076172 C 16.317406 13.951172 15.090328 13.348625 14.861328 13.265625 C 14.632328 13.182625 14.464828 13.140625 14.298828 13.390625 C 14.132828 13.640625 13.655766 14.201187 13.509766 14.367188 C 13.363766 14.534188 13.21875 14.556641 12.96875 14.431641 C 12.71875 14.305641 11.914938 14.041406 10.960938 13.191406 C 10.218937 12.530406 9.7182656 11.714844 9.5722656 11.464844 C 9.4272656 11.215844 9.5585938 11.079078 9.6835938 10.955078 C 9.7955938 10.843078 9.9316406 10.663578 10.056641 10.517578 C 10.180641 10.371578 10.223641 10.267562 10.306641 10.101562 C 10.389641 9.9355625 10.347156 9.7890625 10.285156 9.6640625 C 10.223156 9.5390625 9.737625 8.3065 9.515625 7.8125 C 9.328625 7.3975 9.131125 7.3878594 8.953125 7.3808594 C 8.808125 7.3748594 8.6425625 7.375 8.4765625 7.375 z\"><\/path><\/svg><span class=\"wp-block-social-link-label\">WhatsApp<\/span><\/a><\/li><\/ul>\n\n\n\n<p class=\"has-text-align-center has-foreground-color has-text-color has-link-color wp-elements-3367b5d07fc5346469f7f594b2d269ec\">\u200bTraslado de pocos muebles o enseres, ideal para apartamentos peque\u00f1os o habitaciones. Veh\u00edculos de capacidad peque\u00f1a a media<\/p>\n\n\n\n<h2 class=\"wp-block-heading has-text-align-center\">Taxi Carga Express<\/h2>\n\n\n\n<figure class=\"wp-block-image aligncenter size-full\"><img loading=\"lazy\" decoding=\"async\" width=\"476\" height=\"308\" src=\"https:\/\/www.mudanzasenlimaperu.com\/wp-content\/uploads\/2025\/11\/jtp-77-4.jpg\" alt=\"\" class=\"wp-image-49\" srcset=\"https:\/\/www.mudanzasenlimaperu.com\/wp-content\/uploads\/2025\/11\/jtp-77-4.jpg 476w, https:\/\/www.mudanzasenlimaperu.com\/wp-content\/uploads\/2025\/11\/jtp-77-4-300x194.jpg 300w\" sizes=\"auto, (max-width: 476px) 100vw, 476px\" \/><\/figure>\n\n\n\n<ul class=\"wp-block-social-links aligncenter has-visible-labels has-icon-color is-style-logos-only is-layout-flex wp-block-social-links-is-layout-flex\"><li style=\"color:#cf2e2e;\" class=\"wp-social-link wp-social-link-whatsapp has-vivid-red-color wp-block-social-link\"><a href=\"https:\/\/wa.link\/7tq4yw\" class=\"wp-block-social-link-anchor\"><svg width=\"24\" height=\"24\" viewBox=\"0 0 24 24\" version=\"1.1\" xmlns=\"http:\/\/www.w3.org\/2000\/svg\" aria-hidden=\"true\" focusable=\"false\"><path d=\"M 12.011719 2 C 6.5057187 2 2.0234844 6.478375 2.0214844 11.984375 C 2.0204844 13.744375 2.4814687 15.462563 3.3554688 16.976562 L 2 22 L 7.2324219 20.763672 C 8.6914219 21.559672 10.333859 21.977516 12.005859 21.978516 L 12.009766 21.978516 C 17.514766 21.978516 21.995047 17.499141 21.998047 11.994141 C 22.000047 9.3251406 20.962172 6.8157344 19.076172 4.9277344 C 17.190172 3.0407344 14.683719 2.001 12.011719 2 z M 12.009766 4 C 14.145766 4.001 16.153109 4.8337969 17.662109 6.3417969 C 19.171109 7.8517969 20.000047 9.8581875 19.998047 11.992188 C 19.996047 16.396187 16.413812 19.978516 12.007812 19.978516 C 10.674812 19.977516 9.3544062 19.642812 8.1914062 19.007812 L 7.5175781 18.640625 L 6.7734375 18.816406 L 4.8046875 19.28125 L 5.2851562 17.496094 L 5.5019531 16.695312 L 5.0878906 15.976562 C 4.3898906 14.768562 4.0204844 13.387375 4.0214844 11.984375 C 4.0234844 7.582375 7.6067656 4 12.009766 4 z M 8.4765625 7.375 C 8.3095625 7.375 8.0395469 7.4375 7.8105469 7.6875 C 7.5815469 7.9365 6.9355469 8.5395781 6.9355469 9.7675781 C 6.9355469 10.995578 7.8300781 12.182609 7.9550781 12.349609 C 8.0790781 12.515609 9.68175 15.115234 12.21875 16.115234 C 14.32675 16.946234 14.754891 16.782234 15.212891 16.740234 C 15.670891 16.699234 16.690438 16.137687 16.898438 15.554688 C 17.106437 14.971687 17.106922 14.470187 17.044922 14.367188 C 16.982922 14.263188 16.816406 14.201172 16.566406 14.076172 C 16.317406 13.951172 15.090328 13.348625 14.861328 13.265625 C 14.632328 13.182625 14.464828 13.140625 14.298828 13.390625 C 14.132828 13.640625 13.655766 14.201187 13.509766 14.367188 C 13.363766 14.534188 13.21875 14.556641 12.96875 14.431641 C 12.71875 14.305641 11.914938 14.041406 10.960938 13.191406 C 10.218937 12.530406 9.7182656 11.714844 9.5722656 11.464844 C 9.4272656 11.215844 9.5585938 11.079078 9.6835938 10.955078 C 9.7955938 10.843078 9.9316406 10.663578 10.056641 10.517578 C 10.180641 10.371578 10.223641 10.267562 10.306641 10.101562 C 10.389641 9.9355625 10.347156 9.7890625 10.285156 9.6640625 C 10.223156 9.5390625 9.737625 8.3065 9.515625 7.8125 C 9.328625 7.3975 9.131125 7.3878594 8.953125 7.3808594 C 8.808125 7.3748594 8.6425625 7.375 8.4765625 7.375 z\"><\/path><\/svg><span class=\"wp-block-social-link-label\">WhatsApp<\/span><\/a><\/li><\/ul>\n\n\n\n<p class=\"has-text-align-center has-foreground-color has-text-color has-link-color wp-elements-cdc666d576ba0a28cfd613c82bc1cd82\">\u200bNuestro servicio de Taxi Carga Express es la soluci\u00f3n m\u00e1s \u00e1gil y econ\u00f3mica para el traslado de volumen muy ligero en distritos como Miraflores, Surco, San Borja, Barranco y San Isidro. Utilizando nuestra camioneta pickup y veh\u00edculos compactos, es ideal cuando necesitas mover solo dos o tres muebles grandes, un par de electrodom\u00e9sticos, o cargas que no ameritan una Mini Mudanza completa. Ofrecemos rapidez y m\u00e1xima seguridad en cada env\u00edo.<\/p>\n\n\n\n<h2 class=\"wp-block-heading has-text-align-center\">\u00a1Somos tu Soluci\u00f3n sin Estr\u00e9s!<\/h2>\n\n\n\n<p class=\"has-text-align-center has-foreground-color has-text-color has-link-color wp-elements-ef5f75a575289c3346aa70e356b3bd88\">M\u00e1s all\u00e1 del transporte, garantizamos un servicio asegurado y monitoreado para su tranquilidad, con personal capacitado en el manejo de cargas delicadas. Nuestra promesa es puntualidad garantizada y cero costos ocultos en todos los servicios, desde la Mini Mudanza hasta el Taxi Carga Express.<\/p>\n\n\n\n<p class=\"has-text-align-center has-foreground-color has-text-color has-link-color wp-elements-300976509e343f7c0fe92d064d82086f\">\u200b\u2026 Ofrecemos trato profesional, m\u00e1xima puntualidad y costo sin sorpresas. \u00a1Somos tu Soluci\u00f3n sin Estr\u00e9s! Cont\u00e1ctanos hoy<\/p>\n<\/div>\n<\/div>\n\n\n\n<div class=\"wp-block-buttons is-content-justification-center is-layout-flex wp-container-core-buttons-is-layout-a89b3969 wp-block-buttons-is-layout-flex\">\n<div class=\"wp-block-button\"><a class=\"wp-block-button__link has-vivid-red-background-color has-background wp-element-button\" href=\"https:\/\/wa.link\/7tq4yw\">Agendar<\/a><\/div>\n<\/div>\n\n\n\n<p><\/p>\n","protected":false},"excerpt":{"rendered":"<p>MINI MUDANZA Y TAXI CARGA EN LIMA \u200bSomos especialistas en traslados de volumen ligero, r\u00e1pidos [&hellip;]<\/p>\n","protected":false},"author":1,"featured_media":0,"parent":0,"menu_order":0,"comment_status":"closed","ping_status":"closed","template":"","meta":{"_joinchat":[],"footnotes":""},"class_list":["post-39","page","type-page","status-publish","hentry"],"yoast_head":"<!-- This site is optimized with the Yoast SEO plugin v27.3 - https:\/\/yoast.com\/product\/yoast-seo-wordpress\/ -->\n<title>Mini Mudanza y taxi carga express - Mudanzas en Lima Per&uacute;<\/title>\n<meta name=\"description\" content=\"Tu Mini Mudanza en Lima. Servicio Premium, seguro y con personal calificado. Garant\u00eda de costo fijo y trato profesional. \u00a1Cotiza ya!\" \/>\n<meta name=\"robots\" content=\"index, follow, max-snippet:-1, max-image-preview:large, max-video-preview:-1\" \/>\n<link rel=\"canonical\" href=\"https:\/\/www.mudanzasenlimaperu.com\/?page_id=39\" \/>\n<meta property=\"og:locale\" content=\"es_ES\" \/>\n<meta property=\"og:type\" content=\"article\" \/>\n<meta property=\"og:title\" content=\"Mini Mudanza y taxi carga express - Mudanzas en Lima Per&uacute;\" \/>\n<meta property=\"og:description\" content=\"Tu Mini Mudanza en Lima. Servicio Premium, seguro y con personal calificado. Garant\u00eda de costo fijo y trato profesional. \u00a1Cotiza ya!\" \/>\n<meta property=\"og:url\" content=\"https:\/\/www.mudanzasenlimaperu.com\/?page_id=39\" \/>\n<meta property=\"og:site_name\" content=\"Mudanzas en Lima Per&uacute;\" \/>\n<meta property=\"article:modified_time\" content=\"2026-03-10T04:13:51+00:00\" \/>\n<meta property=\"og:image\" content=\"https:\/\/www.mudanzasenlimaperu.com\/wp-content\/uploads\/2025\/11\/Sin-memo-1.jpg\" \/>\n\t<meta property=\"og:image:width\" content=\"927\" \/>\n\t<meta property=\"og:image:height\" content=\"672\" \/>\n\t<meta property=\"og:image:type\" content=\"image\/jpeg\" \/>\n<meta name=\"twitter:card\" content=\"summary_large_image\" \/>\n<meta name=\"twitter:label1\" content=\"Tiempo de lectura\" \/>\n\t<meta name=\"twitter:data1\" content=\"2 minutos\" \/>\n<script type=\"application\/ld+json\" class=\"yoast-schema-graph\">{\"@context\":\"https:\\\/\\\/schema.org\",\"@graph\":[{\"@type\":\"WebPage\",\"@id\":\"https:\\\/\\\/www.mudanzasenlimaperu.com\\\/?page_id=39\",\"url\":\"https:\\\/\\\/www.mudanzasenlimaperu.com\\\/?page_id=39\",\"name\":\"Mini Mudanza y taxi carga express - Mudanzas en Lima Per&uacute;\",\"isPartOf\":{\"@id\":\"https:\\\/\\\/www.mudanzasenlimaperu.com\\\/#website\"},\"primaryImageOfPage\":{\"@id\":\"https:\\\/\\\/www.mudanzasenlimaperu.com\\\/?page_id=39#primaryimage\"},\"image\":{\"@id\":\"https:\\\/\\\/www.mudanzasenlimaperu.com\\\/?page_id=39#primaryimage\"},\"thumbnailUrl\":\"https:\\\/\\\/www.mudanzasenlimaperu.com\\\/wp-content\\\/uploads\\\/2025\\\/11\\\/Sin-memo-1.jpg\",\"datePublished\":\"2025-11-27T23:34:37+00:00\",\"dateModified\":\"2026-03-10T04:13:51+00:00\",\"description\":\"Tu Mini Mudanza en Lima. Servicio Premium, seguro y con personal calificado. Garant\u00eda de costo fijo y trato profesional. \u00a1Cotiza ya!\",\"breadcrumb\":{\"@id\":\"https:\\\/\\\/www.mudanzasenlimaperu.com\\\/?page_id=39#breadcrumb\"},\"inLanguage\":\"es\",\"potentialAction\":[{\"@type\":\"ReadAction\",\"target\":[\"https:\\\/\\\/www.mudanzasenlimaperu.com\\\/?page_id=39\"]}]},{\"@type\":\"ImageObject\",\"inLanguage\":\"es\",\"@id\":\"https:\\\/\\\/www.mudanzasenlimaperu.com\\\/?page_id=39#primaryimage\",\"url\":\"https:\\\/\\\/www.mudanzasenlimaperu.com\\\/wp-content\\\/uploads\\\/2025\\\/11\\\/Sin-memo-1.jpg\",\"contentUrl\":\"https:\\\/\\\/www.mudanzasenlimaperu.com\\\/wp-content\\\/uploads\\\/2025\\\/11\\\/Sin-memo-1.jpg\",\"width\":927,\"height\":672},{\"@type\":\"BreadcrumbList\",\"@id\":\"https:\\\/\\\/www.mudanzasenlimaperu.com\\\/?page_id=39#breadcrumb\",\"itemListElement\":[{\"@type\":\"ListItem\",\"position\":1,\"name\":\"Portada\",\"item\":\"https:\\\/\\\/www.mudanzasenlimaperu.com\\\/\"},{\"@type\":\"ListItem\",\"position\":2,\"name\":\"Mini Mudanza y taxi carga express\"}]},{\"@type\":\"WebSite\",\"@id\":\"https:\\\/\\\/www.mudanzasenlimaperu.com\\\/#website\",\"url\":\"https:\\\/\\\/www.mudanzasenlimaperu.com\\\/\",\"name\":\"Mudanzas en Lima Per&uacute;\",\"description\":\"\",\"potentialAction\":[{\"@type\":\"SearchAction\",\"target\":{\"@type\":\"EntryPoint\",\"urlTemplate\":\"https:\\\/\\\/www.mudanzasenlimaperu.com\\\/?s={search_term_string}\"},\"query-input\":{\"@type\":\"PropertyValueSpecification\",\"valueRequired\":true,\"valueName\":\"search_term_string\"}}],\"inLanguage\":\"es\"}]}<\/script>\n<!-- \/ Yoast SEO plugin. -->","yoast_head_json":{"title":"Mini Mudanza y taxi carga express - Mudanzas en Lima Per&uacute;","description":"Tu Mini Mudanza en Lima. Servicio Premium, seguro y con personal calificado. Garant\u00eda de costo fijo y trato profesional. \u00a1Cotiza ya!","robots":{"index":"index","follow":"follow","max-snippet":"max-snippet:-1","max-image-preview":"max-image-preview:large","max-video-preview":"max-video-preview:-1"},"canonical":"https:\/\/www.mudanzasenlimaperu.com\/?page_id=39","og_locale":"es_ES","og_type":"article","og_title":"Mini Mudanza y taxi carga express - Mudanzas en Lima Per&uacute;","og_description":"Tu Mini Mudanza en Lima. Servicio Premium, seguro y con personal calificado. Garant\u00eda de costo fijo y trato profesional. \u00a1Cotiza ya!","og_url":"https:\/\/www.mudanzasenlimaperu.com\/?page_id=39","og_site_name":"Mudanzas en Lima Per&uacute;","article_modified_time":"2026-03-10T04:13:51+00:00","og_image":[{"width":927,"height":672,"url":"https:\/\/www.mudanzasenlimaperu.com\/wp-content\/uploads\/2025\/11\/Sin-memo-1.jpg","type":"image\/jpeg"}],"twitter_card":"summary_large_image","twitter_misc":{"Tiempo de lectura":"2 minutos"},"schema":{"@context":"https:\/\/schema.org","@graph":[{"@type":"WebPage","@id":"https:\/\/www.mudanzasenlimaperu.com\/?page_id=39","url":"https:\/\/www.mudanzasenlimaperu.com\/?page_id=39","name":"Mini Mudanza y taxi carga express - Mudanzas en Lima Per&uacute;","isPartOf":{"@id":"https:\/\/www.mudanzasenlimaperu.com\/#website"},"primaryImageOfPage":{"@id":"https:\/\/www.mudanzasenlimaperu.com\/?page_id=39#primaryimage"},"image":{"@id":"https:\/\/www.mudanzasenlimaperu.com\/?page_id=39#primaryimage"},"thumbnailUrl":"https:\/\/www.mudanzasenlimaperu.com\/wp-content\/uploads\/2025\/11\/Sin-memo-1.jpg","datePublished":"2025-11-27T23:34:37+00:00","dateModified":"2026-03-10T04:13:51+00:00","description":"Tu Mini Mudanza en Lima. Servicio Premium, seguro y con personal calificado. Garant\u00eda de costo fijo y trato profesional. \u00a1Cotiza ya!","breadcrumb":{"@id":"https:\/\/www.mudanzasenlimaperu.com\/?page_id=39#breadcrumb"},"inLanguage":"es","potentialAction":[{"@type":"ReadAction","target":["https:\/\/www.mudanzasenlimaperu.com\/?page_id=39"]}]},{"@type":"ImageObject","inLanguage":"es","@id":"https:\/\/www.mudanzasenlimaperu.com\/?page_id=39#primaryimage","url":"https:\/\/www.mudanzasenlimaperu.com\/wp-content\/uploads\/2025\/11\/Sin-memo-1.jpg","contentUrl":"https:\/\/www.mudanzasenlimaperu.com\/wp-content\/uploads\/2025\/11\/Sin-memo-1.jpg","width":927,"height":672},{"@type":"BreadcrumbList","@id":"https:\/\/www.mudanzasenlimaperu.com\/?page_id=39#breadcrumb","itemListElement":[{"@type":"ListItem","position":1,"name":"Portada","item":"https:\/\/www.mudanzasenlimaperu.com\/"},{"@type":"ListItem","position":2,"name":"Mini Mudanza y taxi carga express"}]},{"@type":"WebSite","@id":"https:\/\/www.mudanzasenlimaperu.com\/#website","url":"https:\/\/www.mudanzasenlimaperu.com\/","name":"Mudanzas en Lima Per&uacute;","description":"","potentialAction":[{"@type":"SearchAction","target":{"@type":"EntryPoint","urlTemplate":"https:\/\/www.mudanzasenlimaperu.com\/?s={search_term_string}"},"query-input":{"@type":"PropertyValueSpecification","valueRequired":true,"valueName":"search_term_string"}}],"inLanguage":"es"}]}},"_links":{"self":[{"href":"https:\/\/www.mudanzasenlimaperu.com\/index.php?rest_route=\/wp\/v2\/pages\/39","targetHints":{"allow":["GET"]}}],"collection":[{"href":"https:\/\/www.mudanzasenlimaperu.com\/index.php?rest_route=\/wp\/v2\/pages"}],"about":[{"href":"https:\/\/www.mudanzasenlimaperu.com\/index.php?rest_route=\/wp\/v2\/types\/page"}],"author":[{"embeddable":true,"href":"https:\/\/www.mudanzasenlimaperu.com\/index.php?rest_route=\/wp\/v2\/users\/1"}],"replies":[{"embeddable":true,"href":"https:\/\/www.mudanzasenlimaperu.com\/index.php?rest_route=%2Fwp%2Fv2%2Fcomments&post=39"}],"version-history":[{"count":62,"href":"https:\/\/www.mudanzasenlimaperu.com\/index.php?rest_route=\/wp\/v2\/pages\/39\/revisions"}],"predecessor-version":[{"id":664,"href":"https:\/\/www.mudanzasenlimaperu.com\/index.php?rest_route=\/wp\/v2\/pages\/39\/revisions\/664"}],"wp:attachment":[{"href":"https:\/\/www.mudanzasenlimaperu.com\/index.php?rest_route=%2Fwp%2Fv2%2Fmedia&parent=39"}],"curies":[{"name":"wp","href":"https:\/\/api.w.org\/{rel}","templated":true}]}}