{"id":461,"date":"2025-12-17T00:54:08","date_gmt":"2025-12-16T23:54:08","guid":{"rendered":"https:\/\/www.mudanzasenlimaperu.com\/?page_id=461"},"modified":"2025-12-17T22:59:50","modified_gmt":"2025-12-17T21:59:50","slug":"mudanzas-exclusivas-para-provincia","status":"publish","type":"page","link":"https:\/\/www.mudanzasenlimaperu.com\/?page_id=461","title":{"rendered":"Mudanzas Exclusivas para Provincia"},"content":{"rendered":"\n<div class=\"wp-block-columns is-layout-flex wp-container-core-columns-is-layout-28f84493 wp-block-columns-is-layout-flex\">\n<div class=\"wp-block-column is-layout-flow wp-block-column-is-layout-flow\">\n<div class=\"wp-block-columns is-layout-flex wp-container-core-columns-is-layout-28f84493 wp-block-columns-is-layout-flex\">\n<div class=\"wp-block-column is-layout-flow wp-block-column-is-layout-flow\">\n<div class=\"wp-block-cover\" style=\"margin-top:0;margin-bottom:0;padding-top:0;padding-right:0;padding-bottom:0;padding-left:0;min-height:426px;aspect-ratio:unset;\"><img loading=\"lazy\" decoding=\"async\" width=\"462\" height=\"309\" class=\"wp-block-cover__image-background wp-image-457 size-full\" alt=\"\" src=\"https:\/\/www.mudanzasenlimaperu.com\/wp-content\/uploads\/2025\/11\/jtpbb.jpg\" data-object-fit=\"cover\" srcset=\"https:\/\/www.mudanzasenlimaperu.com\/wp-content\/uploads\/2025\/11\/jtpbb.jpg 462w, https:\/\/www.mudanzasenlimaperu.com\/wp-content\/uploads\/2025\/11\/jtpbb-300x201.jpg 300w\" sizes=\"auto, (max-width: 462px) 100vw, 462px\" \/><span aria-hidden=\"true\" class=\"wp-block-cover__background has-foreground-background-color has-background-dim-0 has-background-dim\"><\/span><div class=\"wp-block-cover__inner-container is-layout-constrained wp-container-core-cover-is-layout-72190d31 wp-block-cover-is-layout-constrained\">\n<div class=\"wp-block-columns is-layout-flex wp-container-core-columns-is-layout-28f84493 wp-block-columns-is-layout-flex\">\n<div class=\"wp-block-column is-layout-flow wp-block-column-is-layout-flow\" style=\"flex-basis:25%\"><\/div>\n\n\n\n<div class=\"wp-block-column is-layout-flow wp-block-column-is-layout-flow\" style=\"flex-basis:50%\">\n<p class=\"has-text-align-center has-background-color has-text-color has-background has-link-color wp-elements-bc1c5b203d064217ac80d2cc64afabce\" style=\"background-color:#fff6f600;font-size:14px\">Servicio directo y personalizado de Lima a todas las provincias del Per\u00fa. Puntualidad, confianza y protecci\u00f3n m\u00e1xima para tus pertenencias hasta su destino.<\/p>\n\n\n\n<div class=\"wp-block-buttons has-background is-content-justification-center is-layout-flex wp-container-core-buttons-is-layout-a89b3969 wp-block-buttons-is-layout-flex\" style=\"background-color:#70707000\">\n<div class=\"wp-block-button\"><a class=\"wp-block-button__link has-background has-text-align-center has-custom-font-size wp-element-button\" style=\"background-color:#8b0000;font-size:14px\">\u00a1Cotiza tu mudanza exclusiva ahora!<\/a><\/div>\n<\/div>\n<\/div>\n\n\n\n<div class=\"wp-block-column is-layout-flow wp-block-column-is-layout-flow\" style=\"flex-basis:25%\"><\/div>\n<\/div>\n<\/div><\/div>\n<\/div>\n<\/div>\n<\/div>\n<\/div>\n\n\n\n<div class=\"wp-block-columns is-layout-flex wp-container-core-columns-is-layout-28f84493 wp-block-columns-is-layout-flex\">\n<div class=\"wp-block-column is-layout-flow wp-block-column-is-layout-flow\">\n<h2 class=\"wp-block-heading has-text-align-center has-primary-color has-text-color has-link-color wp-elements-7a42b054f5253a8520bf0fe2e3f118d1\" style=\"font-size:20px\">SERVICIO DE MUDANZAS A PROVINCIA<\/h2>\n\n\n\n<p class=\"has-text-align-center has-foreground-color has-text-color has-link-color wp-elements-a233ece49d04dc5a56b41edf8dff2254\">En Mudanzas en Lima Per\u00fa realizamos traslados a todas las provincias del Per\u00fa con flota propia y servicio integral de embalaje profesional. Brindamos una atenci\u00f3n 100% exclusiva, sin compartir carga, garantizando que su patrimonio viaje protegido y directo hacia su destino con la m\u00e1xima seguridad.<\/p>\n<\/div>\n<\/div>\n\n\n\n<div class=\"wp-block-columns has-foreground-color has-background-background-color has-text-color has-background has-link-color wp-elements-2222dd9609f81c37e7e75aa259afd956 is-layout-flex wp-container-core-columns-is-layout-28f84493 wp-block-columns-is-layout-flex\">\n<div class=\"wp-block-column is-layout-flow wp-block-column-is-layout-flow\">\n<h2 class=\"wp-block-heading has-text-align-center has-primary-color has-text-color has-link-color wp-elements-ae3dd215540c9d4d00ae3179fd0fd051\" style=\"font-size:28px\">\u200bVariedad de Unidades<\/h2>\n\n\n\n<p class=\"has-text-align-center\">Camiones de peque\u00f1a, mediana y gran capacidad seg\u00fan el volumen de su mudanza.<\/p>\n<\/div>\n\n\n\n<div class=\"wp-block-column is-layout-flow wp-block-column-is-layout-flow\">\n<h2 class=\"wp-block-heading has-text-align-center has-primary-color has-text-color has-link-color wp-elements-9c906a2f08d62ba7075f35237ad6b7f9\" style=\"font-size:28px\">\u200bServicio 100% Exclusivo<\/h2>\n\n\n\n<p class=\"has-text-align-center\">Un cami\u00f3n solo para usted, sin compartir carga con otros clientes.<\/p>\n<\/div>\n\n\n\n<div class=\"wp-block-column is-layout-flow wp-block-column-is-layout-flow\">\n<h2 class=\"wp-block-heading has-text-align-center has-primary-color has-text-color has-link-color wp-elements-5d79b317727c58119deb1daa9173b571\" style=\"font-size:28px\">Protecci\u00f3n de Ruta<\/h2>\n\n\n\n<p class=\"has-text-align-center\">Furgones cerrados y equipados para proteger sus bienes en trayectos largos.Maniobras Especializadas Personal experto en carga, estiba y desembarque en destino final<\/p>\n<\/div>\n<\/div>\n\n\n\n<div class=\"wp-block-columns has-foreground-color has-background-background-color has-text-color has-background has-link-color wp-elements-9661b8fa7b02733c529482a1aa927458 is-layout-flex wp-container-core-columns-is-layout-28f84493 wp-block-columns-is-layout-flex\">\n<div class=\"wp-block-column is-layout-flow wp-block-column-is-layout-flow\">\n<h2 class=\"wp-block-heading has-text-align-center has-primary-color has-text-color has-link-color wp-elements-7ab57d86b6c4c4d933740978cf091270\" style=\"font-size:28px\">Por el Norte<\/h2>\n\n\n\n<p class=\"has-text-align-center\">Huarmey | Casma | Chimbote | La Libertad | Vir\u00fa | Trujillo | Pacasmayo | Chep\u00e9n | Chiclayo | Ferre\u00f1afe | Lambayeque | Sechura | Paita | Sullana | Piura | Talara | M\u00e1ncora | Puerto Pizarro | Zorritos | Tumbes Aguas Verdes<\/p>\n<\/div>\n\n\n\n<div class=\"wp-block-column is-layout-flow wp-block-column-is-layout-flow\">\n<h2 class=\"wp-block-heading has-text-align-center has-primary-color has-text-color has-link-color wp-elements-a7c413c410fee29b79fb18250691beb4\" style=\"font-size:28px\">Por el Sur<\/h2>\n\n\n\n<p class=\"has-text-align-center\">Ica | Palpa | Nazca | Chala | Caman\u00e1 | Arequipa | Ilo | Moquegua | Tacna<\/p>\n<\/div>\n\n\n\n<div class=\"wp-block-column is-layout-flow wp-block-column-is-layout-flow\">\n<h2 class=\"wp-block-heading has-text-align-center has-primary-color has-text-color has-link-color wp-elements-92dc46c5a869b73d24ba8187f1dd41ab\" style=\"font-size:28px\">Por el Centro Oriente<\/h2>\n\n\n\n<p class=\"has-text-align-center\">Hu\u00e1nuco | Tingo Mar\u00eda | Aguayt\u00eda | Pucallpa | Uchiza | Tocache | Juanju\u00ed Aucayacu | Nueva Ja\u00e9n| Bellavista | Tarapoto | San Mart\u00edn | Yurimaguas | Moyobamba | Rioja<\/p>\n<\/div>\n<\/div>\n\n\n\n<p class=\"has-text-align-center has-foreground-color has-text-color has-link-color wp-elements-2c01ed72b2532934b18e76a7ee3c1957\">Llegamos a cada rinc\u00f3n del pa\u00eds\u00bb<br>No importa qu\u00e9 tan lejos sea su destino, en Mudanzas en Lima Per\u00fa contamos con la log\u00edstica y los camiones de gran capacidad necesarios para cruzar la costa, sierra y selva. Realizamos traslados exclusivos puerta a puerta hacia las principales ciudades: Arequipa, Trujillo, Cusco, Chiclayo, Huancayo, Piura, Tacna y muchas m\u00e1s.<\/p>\n\n\n\n<figure class=\"wp-block-pullquote has-foreground-color has-text-color has-link-color has-upper-heading-font-size wp-elements-90a65fc2bfcd22bbd509b5ec1ebaddaa\"><blockquote><p>\u00a1Asegure hoy su mudanza exclusiva a provincias sin escalas! Disponemos de camiones de todos los tama\u00f1os listos para salir a cualquier destino del Per\u00fa. No arriesgue sus pertenencias con fletes compartidos, elija seguridad y puntualidad garantizada.<\/p><\/blockquote><\/figure>\n\n\n\n<div class=\"wp-block-buttons is-content-justification-center is-layout-flex wp-container-core-buttons-is-layout-a89b3969 wp-block-buttons-is-layout-flex\">\n<div class=\"wp-block-button\"><a class=\"wp-block-button__link has-background wp-element-button\" style=\"background-color:#8b0000\">\u00a1Solicita el Cami\u00f3n Ideal para tu Mudanza Aqu\u00ed!<\/a><\/div>\n<\/div>\n","protected":false},"excerpt":{"rendered":"<p>SERVICIO DE MUDANZAS A PROVINCIA En Mudanzas en Lima Per\u00fa realizamos traslados a todas las [&hellip;]<\/p>\n","protected":false},"author":1,"featured_media":0,"parent":0,"menu_order":0,"comment_status":"closed","ping_status":"closed","template":"","meta":{"_joinchat":[],"footnotes":""},"class_list":["post-461","page","type-page","status-publish","hentry"],"yoast_head":"<!-- This site is optimized with the Yoast SEO plugin v27.4 - https:\/\/yoast.com\/product\/yoast-seo-wordpress\/ -->\n<title>Mudanzas Exclusivas para Provincia - Mudanzas en Lima Per&uacute;<\/title>\n<meta name=\"robots\" content=\"index, follow, max-snippet:-1, max-image-preview:large, max-video-preview:-1\" \/>\n<link rel=\"canonical\" href=\"https:\/\/www.mudanzasenlimaperu.com\/?page_id=461\" \/>\n<meta property=\"og:locale\" content=\"es_ES\" \/>\n<meta property=\"og:type\" content=\"article\" \/>\n<meta property=\"og:title\" content=\"Mudanzas Exclusivas para Provincia - Mudanzas en Lima Per&uacute;\" \/>\n<meta property=\"og:description\" content=\"SERVICIO DE MUDANZAS A PROVINCIA En Mudanzas en Lima Per\u00fa realizamos traslados a todas las [&hellip;]\" \/>\n<meta property=\"og:url\" content=\"https:\/\/www.mudanzasenlimaperu.com\/?page_id=461\" \/>\n<meta property=\"og:site_name\" content=\"Mudanzas en Lima Per&uacute;\" \/>\n<meta property=\"article:modified_time\" content=\"2025-12-17T21:59:50+00:00\" \/>\n<meta property=\"og:image\" content=\"https:\/\/www.mudanzasenlimaperu.com\/wp-content\/uploads\/2025\/11\/jtpbb.jpg\" \/>\n\t<meta property=\"og:image:width\" content=\"462\" \/>\n\t<meta property=\"og:image:height\" content=\"309\" \/>\n\t<meta property=\"og:image:type\" content=\"image\/jpeg\" \/>\n<meta name=\"twitter:card\" content=\"summary_large_image\" \/>\n<meta name=\"twitter:label1\" content=\"Tiempo de lectura\" \/>\n\t<meta name=\"twitter:data1\" content=\"1 minuto\" \/>\n<script type=\"application\/ld+json\" class=\"yoast-schema-graph\">{\"@context\":\"https:\\\/\\\/schema.org\",\"@graph\":[{\"@type\":\"WebPage\",\"@id\":\"https:\\\/\\\/www.mudanzasenlimaperu.com\\\/?page_id=461\",\"url\":\"https:\\\/\\\/www.mudanzasenlimaperu.com\\\/?page_id=461\",\"name\":\"Mudanzas Exclusivas para Provincia - Mudanzas en Lima Per&uacute;\",\"isPartOf\":{\"@id\":\"https:\\\/\\\/www.mudanzasenlimaperu.com\\\/#website\"},\"primaryImageOfPage\":{\"@id\":\"https:\\\/\\\/www.mudanzasenlimaperu.com\\\/?page_id=461#primaryimage\"},\"image\":{\"@id\":\"https:\\\/\\\/www.mudanzasenlimaperu.com\\\/?page_id=461#primaryimage\"},\"thumbnailUrl\":\"https:\\\/\\\/www.mudanzasenlimaperu.com\\\/wp-content\\\/uploads\\\/2025\\\/11\\\/jtpbb.jpg\",\"datePublished\":\"2025-12-16T23:54:08+00:00\",\"dateModified\":\"2025-12-17T21:59:50+00:00\",\"breadcrumb\":{\"@id\":\"https:\\\/\\\/www.mudanzasenlimaperu.com\\\/?page_id=461#breadcrumb\"},\"inLanguage\":\"es\",\"potentialAction\":[{\"@type\":\"ReadAction\",\"target\":[\"https:\\\/\\\/www.mudanzasenlimaperu.com\\\/?page_id=461\"]}]},{\"@type\":\"ImageObject\",\"inLanguage\":\"es\",\"@id\":\"https:\\\/\\\/www.mudanzasenlimaperu.com\\\/?page_id=461#primaryimage\",\"url\":\"https:\\\/\\\/www.mudanzasenlimaperu.com\\\/wp-content\\\/uploads\\\/2025\\\/11\\\/jtpbb.jpg\",\"contentUrl\":\"https:\\\/\\\/www.mudanzasenlimaperu.com\\\/wp-content\\\/uploads\\\/2025\\\/11\\\/jtpbb.jpg\",\"width\":462,\"height\":309},{\"@type\":\"BreadcrumbList\",\"@id\":\"https:\\\/\\\/www.mudanzasenlimaperu.com\\\/?page_id=461#breadcrumb\",\"itemListElement\":[{\"@type\":\"ListItem\",\"position\":1,\"name\":\"Portada\",\"item\":\"https:\\\/\\\/www.mudanzasenlimaperu.com\\\/\"},{\"@type\":\"ListItem\",\"position\":2,\"name\":\"Mudanzas Exclusivas para Provincia\"}]},{\"@type\":\"WebSite\",\"@id\":\"https:\\\/\\\/www.mudanzasenlimaperu.com\\\/#website\",\"url\":\"https:\\\/\\\/www.mudanzasenlimaperu.com\\\/\",\"name\":\"Mudanzas en Lima Per&uacute;\",\"description\":\"\",\"potentialAction\":[{\"@type\":\"SearchAction\",\"target\":{\"@type\":\"EntryPoint\",\"urlTemplate\":\"https:\\\/\\\/www.mudanzasenlimaperu.com\\\/?s={search_term_string}\"},\"query-input\":{\"@type\":\"PropertyValueSpecification\",\"valueRequired\":true,\"valueName\":\"search_term_string\"}}],\"inLanguage\":\"es\"}]}<\/script>\n<!-- \/ Yoast SEO plugin. -->","yoast_head_json":{"title":"Mudanzas Exclusivas para Provincia - Mudanzas en Lima Per&uacute;","robots":{"index":"index","follow":"follow","max-snippet":"max-snippet:-1","max-image-preview":"max-image-preview:large","max-video-preview":"max-video-preview:-1"},"canonical":"https:\/\/www.mudanzasenlimaperu.com\/?page_id=461","og_locale":"es_ES","og_type":"article","og_title":"Mudanzas Exclusivas para Provincia - Mudanzas en Lima Per&uacute;","og_description":"SERVICIO DE MUDANZAS A PROVINCIA En Mudanzas en Lima Per\u00fa realizamos traslados a todas las [&hellip;]","og_url":"https:\/\/www.mudanzasenlimaperu.com\/?page_id=461","og_site_name":"Mudanzas en Lima Per&uacute;","article_modified_time":"2025-12-17T21:59:50+00:00","og_image":[{"width":462,"height":309,"url":"https:\/\/www.mudanzasenlimaperu.com\/wp-content\/uploads\/2025\/11\/jtpbb.jpg","type":"image\/jpeg"}],"twitter_card":"summary_large_image","twitter_misc":{"Tiempo de lectura":"1 minuto"},"schema":{"@context":"https:\/\/schema.org","@graph":[{"@type":"WebPage","@id":"https:\/\/www.mudanzasenlimaperu.com\/?page_id=461","url":"https:\/\/www.mudanzasenlimaperu.com\/?page_id=461","name":"Mudanzas Exclusivas para Provincia - Mudanzas en Lima Per&uacute;","isPartOf":{"@id":"https:\/\/www.mudanzasenlimaperu.com\/#website"},"primaryImageOfPage":{"@id":"https:\/\/www.mudanzasenlimaperu.com\/?page_id=461#primaryimage"},"image":{"@id":"https:\/\/www.mudanzasenlimaperu.com\/?page_id=461#primaryimage"},"thumbnailUrl":"https:\/\/www.mudanzasenlimaperu.com\/wp-content\/uploads\/2025\/11\/jtpbb.jpg","datePublished":"2025-12-16T23:54:08+00:00","dateModified":"2025-12-17T21:59:50+00:00","breadcrumb":{"@id":"https:\/\/www.mudanzasenlimaperu.com\/?page_id=461#breadcrumb"},"inLanguage":"es","potentialAction":[{"@type":"ReadAction","target":["https:\/\/www.mudanzasenlimaperu.com\/?page_id=461"]}]},{"@type":"ImageObject","inLanguage":"es","@id":"https:\/\/www.mudanzasenlimaperu.com\/?page_id=461#primaryimage","url":"https:\/\/www.mudanzasenlimaperu.com\/wp-content\/uploads\/2025\/11\/jtpbb.jpg","contentUrl":"https:\/\/www.mudanzasenlimaperu.com\/wp-content\/uploads\/2025\/11\/jtpbb.jpg","width":462,"height":309},{"@type":"BreadcrumbList","@id":"https:\/\/www.mudanzasenlimaperu.com\/?page_id=461#breadcrumb","itemListElement":[{"@type":"ListItem","position":1,"name":"Portada","item":"https:\/\/www.mudanzasenlimaperu.com\/"},{"@type":"ListItem","position":2,"name":"Mudanzas Exclusivas para Provincia"}]},{"@type":"WebSite","@id":"https:\/\/www.mudanzasenlimaperu.com\/#website","url":"https:\/\/www.mudanzasenlimaperu.com\/","name":"Mudanzas en Lima Per&uacute;","description":"","potentialAction":[{"@type":"SearchAction","target":{"@type":"EntryPoint","urlTemplate":"https:\/\/www.mudanzasenlimaperu.com\/?s={search_term_string}"},"query-input":{"@type":"PropertyValueSpecification","valueRequired":true,"valueName":"search_term_string"}}],"inLanguage":"es"}]}},"_links":{"self":[{"href":"https:\/\/www.mudanzasenlimaperu.com\/index.php?rest_route=\/wp\/v2\/pages\/461","targetHints":{"allow":["GET"]}}],"collection":[{"href":"https:\/\/www.mudanzasenlimaperu.com\/index.php?rest_route=\/wp\/v2\/pages"}],"about":[{"href":"https:\/\/www.mudanzasenlimaperu.com\/index.php?rest_route=\/wp\/v2\/types\/page"}],"author":[{"embeddable":true,"href":"https:\/\/www.mudanzasenlimaperu.com\/index.php?rest_route=\/wp\/v2\/users\/1"}],"replies":[{"embeddable":true,"href":"https:\/\/www.mudanzasenlimaperu.com\/index.php?rest_route=%2Fwp%2Fv2%2Fcomments&post=461"}],"version-history":[{"count":57,"href":"https:\/\/www.mudanzasenlimaperu.com\/index.php?rest_route=\/wp\/v2\/pages\/461\/revisions"}],"predecessor-version":[{"id":559,"href":"https:\/\/www.mudanzasenlimaperu.com\/index.php?rest_route=\/wp\/v2\/pages\/461\/revisions\/559"}],"wp:attachment":[{"href":"https:\/\/www.mudanzasenlimaperu.com\/index.php?rest_route=%2Fwp%2Fv2%2Fmedia&parent=461"}],"curies":[{"name":"wp","href":"https:\/\/api.w.org\/{rel}","templated":true}]}}