{"id":800,"date":"2026-04-19T09:20:40","date_gmt":"2026-04-19T07:20:40","guid":{"rendered":"https:\/\/www.mudanzasenlimaperu.com\/?page_id=800"},"modified":"2026-04-20T00:35:33","modified_gmt":"2026-04-19T22:35:33","slug":"mini-mudanzas-en-lima","status":"publish","type":"page","link":"https:\/\/www.mudanzasenlimaperu.com\/?page_id=800","title":{"rendered":"\u200bMini Mudanzas en Lima | Departamentos y Habitaciones"},"content":{"rendered":"\n<div class=\"wp-block-cover\"><img loading=\"lazy\" decoding=\"async\" width=\"927\" height=\"672\" class=\"wp-block-cover__image-background wp-image-64 size-full\" alt=\"\" src=\"https:\/\/www.mudanzasenlimaperu.com\/wp-content\/uploads\/2025\/11\/Sin-memo-1.jpg\" data-object-fit=\"cover\" srcset=\"https:\/\/www.mudanzasenlimaperu.com\/wp-content\/uploads\/2025\/11\/Sin-memo-1.jpg 927w, https:\/\/www.mudanzasenlimaperu.com\/wp-content\/uploads\/2025\/11\/Sin-memo-1-300x217.jpg 300w, https:\/\/www.mudanzasenlimaperu.com\/wp-content\/uploads\/2025\/11\/Sin-memo-1-768x557.jpg 768w\" sizes=\"auto, (max-width: 927px) 100vw, 927px\" \/><span aria-hidden=\"true\" class=\"wp-block-cover__background has-foreground-background-color has-background-dim-80 has-background-dim\"><\/span><div class=\"wp-block-cover__inner-container is-layout-constrained wp-block-cover-is-layout-constrained\">\n<div class=\"wp-block-columns is-layout-flex wp-container-core-columns-is-layout-28f84493 wp-block-columns-is-layout-flex\">\n<div class=\"wp-block-column is-layout-flow wp-block-column-is-layout-flow\" style=\"flex-basis:25%\"><\/div>\n\n\n\n<div class=\"wp-block-column is-layout-flow wp-block-column-is-layout-flow\" style=\"flex-basis:50%\">\n<h2 class=\"wp-block-heading has-text-align-center has-blush-bordeaux-gradient-background has-background\" style=\"font-size:17px\"><mark style=\"background-color:rgba(0, 0, 0, 0)\" class=\"has-inline-color has-background-color\">servicio de mini mudanzas para departamentos y habitaciones<\/mark><\/h2>\n\n\n\n<p class=\"has-text-align-center\" style=\"font-size:18px\"><mark style=\"background-color:rgba(0, 0, 0, 0)\" class=\"has-inline-color has-background-color\">En Mudanzas en Lima Per\u00fa somos especialistas en mini mudanzas. Trasladamos tus muebles, electrodom\u00e9sticos y cajas con el m\u00e1ximo cuidado y puntualidad. El servicio ideal para departamentos peque\u00f1os y habitaciones en todo Lima<\/mark><\/p>\n\n\n\n<div class=\"wp-block-buttons is-content-justification-center is-layout-flex wp-container-core-buttons-is-layout-a89b3969 wp-block-buttons-is-layout-flex\">\n<div class=\"wp-block-button\"><a class=\"wp-block-button__link has-blush-bordeaux-gradient-background has-background wp-element-button\">Cotiza por WhatsApp<\/a><\/div>\n<\/div>\n<\/div>\n\n\n\n<div class=\"wp-block-column is-layout-flow wp-block-column-is-layout-flow\" style=\"flex-basis:25%\"><\/div>\n<\/div>\n<\/div><\/div>\n\n\n\n<h2 class=\"wp-block-heading has-text-align-center\" style=\"font-size:18px\">Protecci\u00f3n total con nuestro servicio de embalaje<\/h2>\n\n\n\n<p class=\"has-text-align-center\" style=\"font-size:18px\">En cada mini mudanza nos encargamos de proteger tus muebles y electrodom\u00e9sticos con film  y mantas para evitar cualquier da\u00f1o. Como puedes ver en nuestras fotos de servicios reales, nuestro personal calificado garantiza orden, cuidado y seguridad en todo Lima. \u00a1Tus pertenencias en las mejores manos<\/p>\n\n\n\n<figure class=\"wp-block-gallery has-nested-images columns-default is-cropped wp-block-gallery-1 is-layout-flex wp-block-gallery-is-layout-flex\">\n<figure class=\"wp-block-image size-large\"><img loading=\"lazy\" decoding=\"async\" width=\"476\" height=\"309\" data-id=\"219\" src=\"https:\/\/www.mudanzasenlimaperu.com\/wp-content\/uploads\/2025\/11\/jtp.jpg\" alt=\"Servicio de embalaje especializado para mini mudanza en departamentos y habitaciones en Lima\" class=\"wp-image-219\" srcset=\"https:\/\/www.mudanzasenlimaperu.com\/wp-content\/uploads\/2025\/11\/jtp.jpg 476w, https:\/\/www.mudanzasenlimaperu.com\/wp-content\/uploads\/2025\/11\/jtp-300x195.jpg 300w\" sizes=\"auto, (max-width: 476px) 100vw, 476px\" \/><\/figure>\n\n\n\n<figure class=\"wp-block-image size-large\"><img loading=\"lazy\" decoding=\"async\" width=\"400\" height=\"267\" data-id=\"476\" src=\"https:\/\/www.mudanzasenlimaperu.com\/wp-content\/uploads\/2025\/11\/jtp-cc.jpg\" alt=\"Personal calificado realizando mini mudanza segura para condominios y departamentos en Lima\" class=\"wp-image-476\" srcset=\"https:\/\/www.mudanzasenlimaperu.com\/wp-content\/uploads\/2025\/11\/jtp-cc.jpg 400w, https:\/\/www.mudanzasenlimaperu.com\/wp-content\/uploads\/2025\/11\/jtp-cc-300x200.jpg 300w\" sizes=\"auto, (max-width: 400px) 100vw, 400px\" \/><\/figure>\n<\/figure>\n\n\n\n<figure class=\"wp-block-image size-full is-resized\"><img loading=\"lazy\" decoding=\"async\" width=\"476\" height=\"309\" src=\"https:\/\/www.mudanzasenlimaperu.com\/wp-content\/uploads\/2025\/11\/jtp-66-4.jpg\" alt=\"\u200bCamioneta Porter Hyundai para mini mudanza en departamentos y condominios en Lima\" class=\"wp-image-48\" style=\"aspect-ratio:1.540480404551201;width:1501px;height:auto\" srcset=\"https:\/\/www.mudanzasenlimaperu.com\/wp-content\/uploads\/2025\/11\/jtp-66-4.jpg 476w, https:\/\/www.mudanzasenlimaperu.com\/wp-content\/uploads\/2025\/11\/jtp-66-4-300x195.jpg 300w\" sizes=\"auto, (max-width: 476px) 100vw, 476px\" \/><\/figure>\n\n\n\n<h3 class=\"wp-block-heading has-text-align-center\" style=\"font-size:18px\">Zonas de atenci\u00f3n en Lima<\/h3>\n\n\n\n<p class=\"has-text-align-center\">Brindamos el servicio de mini mudanzas con cobertura total en los principales distritos de Lima. Atendemos de forma inmediata en Miraflores, Surco, San Isidro, San Borja, Chorrillos, Jes\u00fas Mar\u00eda, Magdalena, Lince, Pueblo Libre y San Miguel la molina. Tambi\u00e9n realizamos traslados especializados hacia Punta Hermosa, San Bartolo y todos los balnearios del sur. Estamos listos para llevar tus pertenencias con total seguridad a cualquier departamento o condominio.<\/p>\n\n\n\n<details class=\"wp-block-details is-layout-flow wp-block-details-is-layout-flow\"><summary>Preguntas frecuentes sobre nuestro servicio<\/summary>\n<h2 class=\"wp-block-heading has-text-align-center\">Preguntas frecuentes sobre nuestro servicio<\/h2>\n\n\n\n<p class=\"has-text-align-center\"><mark style=\"background-color:rgba(0, 0, 0, 0)\" class=\"has-inline-color has-foreground-color\">\u200b\u00bfRealizan el servicio de embalaje?<\/mark><br>S\u00ed, nos encargamos de proteger tus muebles y electrodom\u00e9sticos con film (playo) y mantas especiales en cada servicio para garantizar que lleguen sin un rasgu\u00f1o.<br><mark style=\"background-color:rgba(0, 0, 0, 0)\" class=\"has-inline-color has-foreground-color\">\u200b\u00bfA qu\u00e9 zonas de Lima llegan?<\/mark><br>Brindamos cobertura total en distritos como Miraflores, Surco, San Isidro y San Borja. Tambi\u00e9n realizamos traslados hacia Punta Hermosa, San Bartolo y todos los balnearios del sur.<br>\u200b<mark style=\"background-color:rgba(0, 0, 0, 0)\" class=\"has-inline-color has-foreground-color\">\u00bfQu\u00e9 tipo de veh\u00edculos utilizan?<\/mark><br>Contamos con camionetas Porter Hyundai, ideales por su tama\u00f1o para ingresar con facilidad a s\u00f3tanos de departamentos y condominios en todo Lima.<br><mark style=\"background-color:rgba(0, 0, 0, 0)\" class=\"has-inline-color has-foreground-color\">\u200b\u00bfCuentan con unidades cerca de mi zona?<\/mark><br>S\u00ed, contamos con unidades estrat\u00e9gicamente ubicadas en nuestras cocheras de Surquillo (para atender Lima Centro y distritos modernos) y Punta Hermosa (para atender toda la zona sur). Esto nos permite brindarle una atenci\u00f3n mucho m\u00e1s r\u00e1pida y puntual<\/p>\n<\/details>\n","protected":false},"excerpt":{"rendered":"<p>Protecci\u00f3n total con nuestro servicio de embalaje En cada mini mudanza nos encargamos de proteger [&hellip;]<\/p>\n","protected":false},"author":1,"featured_media":0,"parent":0,"menu_order":0,"comment_status":"closed","ping_status":"closed","template":"","meta":{"_joinchat":[],"footnotes":""},"class_list":["post-800","page","type-page","status-publish","hentry"],"yoast_head":"<!-- This site is optimized with the Yoast SEO plugin v27.4 - https:\/\/yoast.com\/product\/yoast-seo-wordpress\/ -->\n<title>\u200bMini Mudanzas en Lima | Departamentos y Habitaciones - Mudanzas en Lima Per&uacute;<\/title>\n<meta name=\"robots\" content=\"index, follow, max-snippet:-1, max-image-preview:large, max-video-preview:-1\" \/>\n<link rel=\"canonical\" href=\"https:\/\/www.mudanzasenlimaperu.com\/?page_id=800\" \/>\n<meta property=\"og:locale\" content=\"es_ES\" \/>\n<meta property=\"og:type\" content=\"article\" \/>\n<meta property=\"og:title\" content=\"\u200bMini Mudanzas en Lima | Departamentos y Habitaciones - Mudanzas en Lima Per&uacute;\" \/>\n<meta property=\"og:description\" content=\"Protecci\u00f3n total con nuestro servicio de embalaje En cada mini mudanza nos encargamos de proteger [&hellip;]\" \/>\n<meta property=\"og:url\" content=\"https:\/\/www.mudanzasenlimaperu.com\/?page_id=800\" \/>\n<meta property=\"og:site_name\" content=\"Mudanzas en Lima Per&uacute;\" \/>\n<meta property=\"article:modified_time\" content=\"2026-04-19T22:35:33+00:00\" \/>\n<meta property=\"og:image\" content=\"https:\/\/www.mudanzasenlimaperu.com\/wp-content\/uploads\/2025\/11\/Sin-memo-1.jpg\" \/>\n\t<meta property=\"og:image:width\" content=\"927\" \/>\n\t<meta property=\"og:image:height\" content=\"672\" \/>\n\t<meta property=\"og:image:type\" content=\"image\/jpeg\" \/>\n<meta name=\"twitter:card\" content=\"summary_large_image\" \/>\n<meta name=\"twitter:label1\" content=\"Tiempo de lectura\" \/>\n\t<meta name=\"twitter:data1\" content=\"3 minutos\" \/>\n<script type=\"application\/ld+json\" class=\"yoast-schema-graph\">{\"@context\":\"https:\\\/\\\/schema.org\",\"@graph\":[{\"@type\":\"WebPage\",\"@id\":\"https:\\\/\\\/www.mudanzasenlimaperu.com\\\/?page_id=800\",\"url\":\"https:\\\/\\\/www.mudanzasenlimaperu.com\\\/?page_id=800\",\"name\":\"\u200bMini Mudanzas en Lima | Departamentos y Habitaciones - Mudanzas en Lima Per&uacute;\",\"isPartOf\":{\"@id\":\"https:\\\/\\\/www.mudanzasenlimaperu.com\\\/#website\"},\"primaryImageOfPage\":{\"@id\":\"https:\\\/\\\/www.mudanzasenlimaperu.com\\\/?page_id=800#primaryimage\"},\"image\":{\"@id\":\"https:\\\/\\\/www.mudanzasenlimaperu.com\\\/?page_id=800#primaryimage\"},\"thumbnailUrl\":\"https:\\\/\\\/www.mudanzasenlimaperu.com\\\/wp-content\\\/uploads\\\/2025\\\/11\\\/Sin-memo-1.jpg\",\"datePublished\":\"2026-04-19T07:20:40+00:00\",\"dateModified\":\"2026-04-19T22:35:33+00:00\",\"breadcrumb\":{\"@id\":\"https:\\\/\\\/www.mudanzasenlimaperu.com\\\/?page_id=800#breadcrumb\"},\"inLanguage\":\"es\",\"potentialAction\":[{\"@type\":\"ReadAction\",\"target\":[\"https:\\\/\\\/www.mudanzasenlimaperu.com\\\/?page_id=800\"]}]},{\"@type\":\"ImageObject\",\"inLanguage\":\"es\",\"@id\":\"https:\\\/\\\/www.mudanzasenlimaperu.com\\\/?page_id=800#primaryimage\",\"url\":\"https:\\\/\\\/www.mudanzasenlimaperu.com\\\/wp-content\\\/uploads\\\/2025\\\/11\\\/Sin-memo-1.jpg\",\"contentUrl\":\"https:\\\/\\\/www.mudanzasenlimaperu.com\\\/wp-content\\\/uploads\\\/2025\\\/11\\\/Sin-memo-1.jpg\",\"width\":927,\"height\":672},{\"@type\":\"BreadcrumbList\",\"@id\":\"https:\\\/\\\/www.mudanzasenlimaperu.com\\\/?page_id=800#breadcrumb\",\"itemListElement\":[{\"@type\":\"ListItem\",\"position\":1,\"name\":\"Portada\",\"item\":\"https:\\\/\\\/www.mudanzasenlimaperu.com\\\/\"},{\"@type\":\"ListItem\",\"position\":2,\"name\":\"\u200bMini Mudanzas en Lima | Departamentos y Habitaciones\"}]},{\"@type\":\"WebSite\",\"@id\":\"https:\\\/\\\/www.mudanzasenlimaperu.com\\\/#website\",\"url\":\"https:\\\/\\\/www.mudanzasenlimaperu.com\\\/\",\"name\":\"Mudanzas en Lima Per&uacute;\",\"description\":\"\",\"potentialAction\":[{\"@type\":\"SearchAction\",\"target\":{\"@type\":\"EntryPoint\",\"urlTemplate\":\"https:\\\/\\\/www.mudanzasenlimaperu.com\\\/?s={search_term_string}\"},\"query-input\":{\"@type\":\"PropertyValueSpecification\",\"valueRequired\":true,\"valueName\":\"search_term_string\"}}],\"inLanguage\":\"es\"}]}<\/script>\n<!-- \/ Yoast SEO plugin. -->","yoast_head_json":{"title":"\u200bMini Mudanzas en Lima | Departamentos y Habitaciones - Mudanzas en Lima Per&uacute;","robots":{"index":"index","follow":"follow","max-snippet":"max-snippet:-1","max-image-preview":"max-image-preview:large","max-video-preview":"max-video-preview:-1"},"canonical":"https:\/\/www.mudanzasenlimaperu.com\/?page_id=800","og_locale":"es_ES","og_type":"article","og_title":"\u200bMini Mudanzas en Lima | Departamentos y Habitaciones - Mudanzas en Lima Per&uacute;","og_description":"Protecci\u00f3n total con nuestro servicio de embalaje En cada mini mudanza nos encargamos de proteger [&hellip;]","og_url":"https:\/\/www.mudanzasenlimaperu.com\/?page_id=800","og_site_name":"Mudanzas en Lima Per&uacute;","article_modified_time":"2026-04-19T22:35:33+00:00","og_image":[{"width":927,"height":672,"url":"https:\/\/www.mudanzasenlimaperu.com\/wp-content\/uploads\/2025\/11\/Sin-memo-1.jpg","type":"image\/jpeg"}],"twitter_card":"summary_large_image","twitter_misc":{"Tiempo de lectura":"3 minutos"},"schema":{"@context":"https:\/\/schema.org","@graph":[{"@type":"WebPage","@id":"https:\/\/www.mudanzasenlimaperu.com\/?page_id=800","url":"https:\/\/www.mudanzasenlimaperu.com\/?page_id=800","name":"\u200bMini Mudanzas en Lima | Departamentos y Habitaciones - Mudanzas en Lima Per&uacute;","isPartOf":{"@id":"https:\/\/www.mudanzasenlimaperu.com\/#website"},"primaryImageOfPage":{"@id":"https:\/\/www.mudanzasenlimaperu.com\/?page_id=800#primaryimage"},"image":{"@id":"https:\/\/www.mudanzasenlimaperu.com\/?page_id=800#primaryimage"},"thumbnailUrl":"https:\/\/www.mudanzasenlimaperu.com\/wp-content\/uploads\/2025\/11\/Sin-memo-1.jpg","datePublished":"2026-04-19T07:20:40+00:00","dateModified":"2026-04-19T22:35:33+00:00","breadcrumb":{"@id":"https:\/\/www.mudanzasenlimaperu.com\/?page_id=800#breadcrumb"},"inLanguage":"es","potentialAction":[{"@type":"ReadAction","target":["https:\/\/www.mudanzasenlimaperu.com\/?page_id=800"]}]},{"@type":"ImageObject","inLanguage":"es","@id":"https:\/\/www.mudanzasenlimaperu.com\/?page_id=800#primaryimage","url":"https:\/\/www.mudanzasenlimaperu.com\/wp-content\/uploads\/2025\/11\/Sin-memo-1.jpg","contentUrl":"https:\/\/www.mudanzasenlimaperu.com\/wp-content\/uploads\/2025\/11\/Sin-memo-1.jpg","width":927,"height":672},{"@type":"BreadcrumbList","@id":"https:\/\/www.mudanzasenlimaperu.com\/?page_id=800#breadcrumb","itemListElement":[{"@type":"ListItem","position":1,"name":"Portada","item":"https:\/\/www.mudanzasenlimaperu.com\/"},{"@type":"ListItem","position":2,"name":"\u200bMini Mudanzas en Lima | Departamentos y Habitaciones"}]},{"@type":"WebSite","@id":"https:\/\/www.mudanzasenlimaperu.com\/#website","url":"https:\/\/www.mudanzasenlimaperu.com\/","name":"Mudanzas en Lima Per&uacute;","description":"","potentialAction":[{"@type":"SearchAction","target":{"@type":"EntryPoint","urlTemplate":"https:\/\/www.mudanzasenlimaperu.com\/?s={search_term_string}"},"query-input":{"@type":"PropertyValueSpecification","valueRequired":true,"valueName":"search_term_string"}}],"inLanguage":"es"}]}},"_links":{"self":[{"href":"https:\/\/www.mudanzasenlimaperu.com\/index.php?rest_route=\/wp\/v2\/pages\/800","targetHints":{"allow":["GET"]}}],"collection":[{"href":"https:\/\/www.mudanzasenlimaperu.com\/index.php?rest_route=\/wp\/v2\/pages"}],"about":[{"href":"https:\/\/www.mudanzasenlimaperu.com\/index.php?rest_route=\/wp\/v2\/types\/page"}],"author":[{"embeddable":true,"href":"https:\/\/www.mudanzasenlimaperu.com\/index.php?rest_route=\/wp\/v2\/users\/1"}],"replies":[{"embeddable":true,"href":"https:\/\/www.mudanzasenlimaperu.com\/index.php?rest_route=%2Fwp%2Fv2%2Fcomments&post=800"}],"version-history":[{"count":15,"href":"https:\/\/www.mudanzasenlimaperu.com\/index.php?rest_route=\/wp\/v2\/pages\/800\/revisions"}],"predecessor-version":[{"id":824,"href":"https:\/\/www.mudanzasenlimaperu.com\/index.php?rest_route=\/wp\/v2\/pages\/800\/revisions\/824"}],"wp:attachment":[{"href":"https:\/\/www.mudanzasenlimaperu.com\/index.php?rest_route=%2Fwp%2Fv2%2Fmedia&parent=800"}],"curies":[{"name":"wp","href":"https:\/\/api.w.org\/{rel}","templated":true}]}}